{"id":57,"date":"2012-06-29T16:23:20","date_gmt":"2012-06-29T16:23:20","guid":{"rendered":"https:\/\/adelal.com\/?page_id=57"},"modified":"2023-01-14T14:40:41","modified_gmt":"2023-01-14T14:40:41","slug":"citas","status":"publish","type":"page","link":"https:\/\/adelal.com\/?page_id=57","title":{"rendered":"citas"},"content":{"rendered":"\n<p class=\"has-text-align-center\"><em>P\u00e1gina de citas, haikus, breves, joyitas, frases, definiciones. <\/em><\/p>\n\n\n\n<hr class=\"wp-block-separator\"\/>\n\n\n\n<p><strong>Artesano<\/strong>. La palabra <em>artesano<\/em> viene del lat\u00edn <em>artigiano<\/em> (que ejerce un arte mec\u00e1nico), seg\u00fan el <a href=\"https:\/\/etimologias.dechile.net\/?artesano\">DECEL<\/a>. Viene a remarcar la diferencia entre los trabajos <em>f\u00edsicos<\/em>, basados en el movimiento de \u00e1tomos, y los trabajos <em>virtuales<\/em>, basados en el movimiento de bits o ideas.<\/p>\n\n\n\n<p>DRAE. Diccionario de la Real Academia Espa\u00f1ola.<\/p>\n\n\n\n<hr class=\"wp-block-separator\"\/>\n\n\n\n<p><\/p>\n\n\n\n<p><\/p>\n","protected":false},"excerpt":{"rendered":"<p>P\u00e1gina de citas, haikus, breves, joyitas, frases, definiciones. Artesano. La palabra artesano viene del lat\u00edn artigiano (que ejerce un arte mec\u00e1nico), seg\u00fan el DECEL. Viene a remarcar la diferencia entre los trabajos f\u00edsicos, basados en el movimiento de \u00e1tomos, y &hellip; <a href=\"https:\/\/adelal.com\/?page_id=57\">Sigue leyendo <span class=\"meta-nav\">&rarr;<\/span><\/a><\/p>\n","protected":false},"author":1,"featured_media":0,"parent":0,"menu_order":4,"comment_status":"closed","ping_status":"closed","template":"","meta":{"footnotes":""},"class_list":["post-57","page","type-page","status-publish","hentry"],"_links":{"self":[{"href":"https:\/\/adelal.com\/index.php?rest_route=\/wp\/v2\/pages\/57","targetHints":{"allow":["GET"]}}],"collection":[{"href":"https:\/\/adelal.com\/index.php?rest_route=\/wp\/v2\/pages"}],"about":[{"href":"https:\/\/adelal.com\/index.php?rest_route=\/wp\/v2\/types\/page"}],"author":[{"embeddable":true,"href":"https:\/\/adelal.com\/index.php?rest_route=\/wp\/v2\/users\/1"}],"replies":[{"embeddable":true,"href":"https:\/\/adelal.com\/index.php?rest_route=%2Fwp%2Fv2%2Fcomments&post=57"}],"version-history":[{"count":13,"href":"https:\/\/adelal.com\/index.php?rest_route=\/wp\/v2\/pages\/57\/revisions"}],"predecessor-version":[{"id":579,"href":"https:\/\/adelal.com\/index.php?rest_route=\/wp\/v2\/pages\/57\/revisions\/579"}],"wp:attachment":[{"href":"https:\/\/adelal.com\/index.php?rest_route=%2Fwp%2Fv2%2Fmedia&parent=57"}],"curies":[{"name":"wp","href":"https:\/\/api.w.org\/{rel}","templated":true}]}}