{"id":53,"date":"2012-06-29T16:21:42","date_gmt":"2012-06-29T16:21:42","guid":{"rendered":"https:\/\/adelal.com\/?page_id=53"},"modified":"2021-03-22T14:46:08","modified_gmt":"2021-03-22T14:46:08","slug":"libros","status":"publish","type":"page","link":"https:\/\/adelal.com\/?page_id=53","title":{"rendered":"libros"},"content":{"rendered":"<p>t\u00edtulos rese\u00f1ables por categor\u00edas de la <a href=\"https:\/\/adelal.com\/nOproblemO\/Ele\/cdu.html\">CDU<\/a>:<\/p>\n<h6 style=\"text-align: right;\">Acerca del libro como objeto, ver el Taller de Librer\u00eda.<\/h6>\n<p>1 filosof\u00eda<\/p>\n<p>2 religi\u00f3n<\/p>\n<p>3 sociolog\u00eda<\/p>\n<p>4 ling\u00fc\u00edstica<\/p>\n<p>5 ciencias puras<\/p>\n<p>6 ciencias aplicadas<\/p>\n<p>681 inform\u00e1tica<\/p>\n<p>-Guia de la GUI. <a href=\"https:\/\/adelal.com\/?page_id=299\">https:\/\/adelal.com\/?page_id=299<\/a><\/p>\n<p>7 arte<\/p>\n<p>8 literatura<\/p>\n<p>9 historia<\/p>\n<p>0 generalidades.<\/p>\n<p>Ediciones de Adelal.<\/p>\n","protected":false},"excerpt":{"rendered":"<p>t\u00edtulos rese\u00f1ables por categor\u00edas de la CDU: Acerca del libro como objeto, ver el Taller de Librer\u00eda. 1 filosof\u00eda 2 religi\u00f3n 3 sociolog\u00eda 4 ling\u00fc\u00edstica 5 ciencias puras 6 ciencias aplicadas 681 inform\u00e1tica -Guia de la GUI. https:\/\/adelal.com\/?page_id=299 7 arte &hellip; <a href=\"https:\/\/adelal.com\/?page_id=53\">Sigue leyendo <span class=\"meta-nav\">&rarr;<\/span><\/a><\/p>\n","protected":false},"author":1,"featured_media":0,"parent":0,"menu_order":0,"comment_status":"closed","ping_status":"closed","template":"","meta":{"footnotes":""},"class_list":["post-53","page","type-page","status-publish","hentry"],"_links":{"self":[{"href":"https:\/\/adelal.com\/index.php?rest_route=\/wp\/v2\/pages\/53","targetHints":{"allow":["GET"]}}],"collection":[{"href":"https:\/\/adelal.com\/index.php?rest_route=\/wp\/v2\/pages"}],"about":[{"href":"https:\/\/adelal.com\/index.php?rest_route=\/wp\/v2\/types\/page"}],"author":[{"embeddable":true,"href":"https:\/\/adelal.com\/index.php?rest_route=\/wp\/v2\/users\/1"}],"replies":[{"embeddable":true,"href":"https:\/\/adelal.com\/index.php?rest_route=%2Fwp%2Fv2%2Fcomments&post=53"}],"version-history":[{"count":8,"href":"https:\/\/adelal.com\/index.php?rest_route=\/wp\/v2\/pages\/53\/revisions"}],"predecessor-version":[{"id":541,"href":"https:\/\/adelal.com\/index.php?rest_route=\/wp\/v2\/pages\/53\/revisions\/541"}],"wp:attachment":[{"href":"https:\/\/adelal.com\/index.php?rest_route=%2Fwp%2Fv2%2Fmedia&parent=53"}],"curies":[{"name":"wp","href":"https:\/\/api.w.org\/{rel}","templated":true}]}}