{"id":51,"date":"2012-06-29T16:17:55","date_gmt":"2012-06-29T16:17:55","guid":{"rendered":"https:\/\/adelal.com\/?page_id=51"},"modified":"2025-02-13T09:29:52","modified_gmt":"2025-02-13T09:29:52","slug":"who","status":"publish","type":"page","link":"https:\/\/adelal.com\/?page_id=51","title":{"rendered":"Librer\u00eda"},"content":{"rendered":"<p><em>Lugar de libros (donde abunda lo \u00ablibre\u00bb) en tres dimensiones:<\/em><\/p>\n<p><strong>libros<\/strong>: m\u00e1s de 4 p\u00e1ginas.<\/p>\n<p><strong>columnas<\/strong>: hasta 4 p\u00e1ginas.<\/p>\n<p><strong>citas<\/strong>: menos de 1 p\u00e1gina.<\/p>\n<\/p>\n\n\n<p>En 1999 se perfil\u00f3 un proyecto de <a href=\"https:\/\/adelal.com\/nOproblemO\/Ele\/Fachada.html\">Librer\u00eda Electr\u00f3nica<\/a> que se mantiene por alg\u00fan rinc\u00f3n de este sitio web.<\/p>\n\n\n\n<p>Luego ha habido otros. La <a href=\"https:\/\/www.librosdeleer.es\/libreria-acceso\/\">Librer\u00eda de Mostrador<\/a> es de 2024.<\/p>\n","protected":false},"excerpt":{"rendered":"<p>Lugar de libros (donde abunda lo \u00ablibre\u00bb) en tres dimensiones: libros: m\u00e1s de 4 p\u00e1ginas. columnas: hasta 4 p\u00e1ginas. citas: menos de 1 p\u00e1gina. En 1999 se perfil\u00f3 un proyecto de Librer\u00eda Electr\u00f3nica que se mantiene por alg\u00fan rinc\u00f3n de &hellip; <a href=\"https:\/\/adelal.com\/?page_id=51\">Sigue leyendo <span class=\"meta-nav\">&rarr;<\/span><\/a><\/p>\n","protected":false},"author":1,"featured_media":0,"parent":0,"menu_order":2,"comment_status":"closed","ping_status":"closed","template":"","meta":{"footnotes":""},"class_list":["post-51","page","type-page","status-publish","hentry"],"_links":{"self":[{"href":"https:\/\/adelal.com\/index.php?rest_route=\/wp\/v2\/pages\/51","targetHints":{"allow":["GET"]}}],"collection":[{"href":"https:\/\/adelal.com\/index.php?rest_route=\/wp\/v2\/pages"}],"about":[{"href":"https:\/\/adelal.com\/index.php?rest_route=\/wp\/v2\/types\/page"}],"author":[{"embeddable":true,"href":"https:\/\/adelal.com\/index.php?rest_route=\/wp\/v2\/users\/1"}],"replies":[{"embeddable":true,"href":"https:\/\/adelal.com\/index.php?rest_route=%2Fwp%2Fv2%2Fcomments&post=51"}],"version-history":[{"count":11,"href":"https:\/\/adelal.com\/index.php?rest_route=\/wp\/v2\/pages\/51\/revisions"}],"predecessor-version":[{"id":606,"href":"https:\/\/adelal.com\/index.php?rest_route=\/wp\/v2\/pages\/51\/revisions\/606"}],"wp:attachment":[{"href":"https:\/\/adelal.com\/index.php?rest_route=%2Fwp%2Fv2%2Fmedia&parent=51"}],"curies":[{"name":"wp","href":"https:\/\/api.w.org\/{rel}","templated":true}]}}