{"id":346,"date":"2015-09-07T16:43:28","date_gmt":"2015-09-07T16:43:28","guid":{"rendered":"https:\/\/adelal.com\/?page_id=346"},"modified":"2021-03-21T12:32:42","modified_gmt":"2021-03-21T12:32:42","slug":"bibvilval-talleres","status":"publish","type":"page","link":"https:\/\/adelal.com\/?page_id=346","title":{"rendered":"BiVilVal talleres"},"content":{"rendered":"<ol>\n<li>Desde la Biblioteca proponemos talleres relacionados con la edici\u00f3n. Iremos informando de fechas y horarios.<\/li>\n<\/ol>\n<p>Escuela de Librer\u00eda<\/p>\n<h6>Empezamos los talleres con un <span style=\"text-decoration: underline;\"><em><strong>Curso de Confecci\u00f3n de Libros<\/strong><\/em> <\/span>que busca resumir las muchas virtudes del libro y todo lo relacionado con \u00e9l.<\/h6>\n<p>Taller de Impresi\u00f3n<\/p>\n<h6>Impresionante es ver c\u00f3mo imprime cualquier m\u00e1quina de impresi\u00f3n, desde las extintas m\u00e1quinas de escribir (se dejaron de fabricar en 2011) hasta los plotter o la m\u00e1quinas de offset.<\/h6>\n<h6>El resultado final lo vemos al imprimir, pero toda esa precisi\u00f3n la logramos con el programa de ilustraci\u00f3n y pintura leader de la industria editorial: el Adobe Illustrator.<\/h6>\n<p>F\u00e1brica de bienestar<\/p>\n<h6>El libro es la herramienta que aporta seguridad al desarrollo del conocimiento, incorporando por tanto un plus de bienestar a la sociedad hasta la fecha conocida.<\/h6>\n","protected":false},"excerpt":{"rendered":"<p>Desde la Biblioteca proponemos talleres relacionados con la edici\u00f3n. Iremos informando de fechas y horarios. Escuela de Librer\u00eda Empezamos los talleres con un Curso de Confecci\u00f3n de Libros que busca resumir las muchas virtudes del libro y todo lo relacionado &hellip; <a href=\"https:\/\/adelal.com\/?page_id=346\">Sigue leyendo <span class=\"meta-nav\">&rarr;<\/span><\/a><\/p>\n","protected":false},"author":1,"featured_media":0,"parent":0,"menu_order":0,"comment_status":"closed","ping_status":"open","template":"","meta":{"footnotes":""},"class_list":["post-346","page","type-page","status-publish","hentry"],"_links":{"self":[{"href":"https:\/\/adelal.com\/index.php?rest_route=\/wp\/v2\/pages\/346","targetHints":{"allow":["GET"]}}],"collection":[{"href":"https:\/\/adelal.com\/index.php?rest_route=\/wp\/v2\/pages"}],"about":[{"href":"https:\/\/adelal.com\/index.php?rest_route=\/wp\/v2\/types\/page"}],"author":[{"embeddable":true,"href":"https:\/\/adelal.com\/index.php?rest_route=\/wp\/v2\/users\/1"}],"replies":[{"embeddable":true,"href":"https:\/\/adelal.com\/index.php?rest_route=%2Fwp%2Fv2%2Fcomments&post=346"}],"version-history":[{"count":5,"href":"https:\/\/adelal.com\/index.php?rest_route=\/wp\/v2\/pages\/346\/revisions"}],"predecessor-version":[{"id":521,"href":"https:\/\/adelal.com\/index.php?rest_route=\/wp\/v2\/pages\/346\/revisions\/521"}],"wp:attachment":[{"href":"https:\/\/adelal.com\/index.php?rest_route=%2Fwp%2Fv2%2Fmedia&parent=346"}],"curies":[{"name":"wp","href":"https:\/\/api.w.org\/{rel}","templated":true}]}}