{"id":262,"date":"2014-03-18T20:33:24","date_gmt":"2014-03-18T20:33:24","guid":{"rendered":"https:\/\/adelal.com\/?page_id=262"},"modified":"2014-04-23T10:49:56","modified_gmt":"2014-04-23T10:49:56","slug":"documenta","status":"publish","type":"page","link":"https:\/\/adelal.com\/?page_id=262","title":{"rendered":"Documenta"},"content":{"rendered":"<p>Presentaci\u00f3n e \u00edndices de las revistas publicadas<\/p>\n<p><a href=\"https:\/\/adelal.com\/wp-content\/uploads\/0-\u00edndice-04.pdf\">0 \u00edndice 04<\/a><\/p>\n<p><a href=\"https:\/\/adelal.com\/wp-content\/uploads\/Captura-de-pantalla-2014-03-18-a-las-21.35.28.png\"><img loading=\"lazy\" decoding=\"async\" class=\"alignnone size-full wp-image-270\" title=\"Captura de pantalla 2014-03-18 a las 21.35.28\" src=\"https:\/\/adelal.com\/wp-content\/uploads\/Captura-de-pantalla-2014-03-18-a-las-21.35.28.png\" alt=\"\" width=\"732\" height=\"972\" srcset=\"https:\/\/adelal.com\/wp-content\/uploads\/Captura-de-pantalla-2014-03-18-a-las-21.35.28.png 732w, https:\/\/adelal.com\/wp-content\/uploads\/Captura-de-pantalla-2014-03-18-a-las-21.35.28-225x300.png 225w\" sizes=\"auto, (max-width: 732px) 100vw, 732px\" \/><\/a><\/p>\n<p>La presentaci\u00f3n completa est\u00e1 disponible aqu\u00ed (<a href=\"https:\/\/adelal.com\/wp-content\/uploads\/0-editorial1.pdf\">0 editorial<\/a>).<\/p>\n<p>El \u00edndice del primer n\u00famero aqu\u00ed (<a href=\"https:\/\/adelal.com\/wp-content\/uploads\/0-documenta-01-indice.rtfd_.pdf\">0 documenta 01 indice.rtfd<\/a>)<\/p>\n<p>El \u00edndice del segundo n\u00famero (<a href=\"https:\/\/adelal.com\/wp-content\/uploads\/0-documenta-02-indice.rtfd_1.pdf\">0 documenta 02 indice.rtfd<\/a>)<\/p>\n<p>\u00cdndice de Documenta 03 (<a href=\"https:\/\/adelal.com\/wp-content\/uploads\/0-documenta-03-indice.pdf\">0 documenta 03 indice<\/a>)<\/p>\n","protected":false},"excerpt":{"rendered":"<p>Presentaci\u00f3n e \u00edndices de las revistas publicadas 0 \u00edndice 04 La presentaci\u00f3n completa est\u00e1 disponible aqu\u00ed (0 editorial). El \u00edndice del primer n\u00famero aqu\u00ed (0 documenta 01 indice.rtfd) El \u00edndice del segundo n\u00famero (0 documenta 02 indice.rtfd) \u00cdndice de Documenta &hellip; <a href=\"https:\/\/adelal.com\/?page_id=262\">Sigue leyendo <span class=\"meta-nav\">&rarr;<\/span><\/a><\/p>\n","protected":false},"author":1,"featured_media":0,"parent":0,"menu_order":0,"comment_status":"open","ping_status":"open","template":"","meta":{"footnotes":""},"class_list":["post-262","page","type-page","status-publish","hentry"],"_links":{"self":[{"href":"https:\/\/adelal.com\/index.php?rest_route=\/wp\/v2\/pages\/262","targetHints":{"allow":["GET"]}}],"collection":[{"href":"https:\/\/adelal.com\/index.php?rest_route=\/wp\/v2\/pages"}],"about":[{"href":"https:\/\/adelal.com\/index.php?rest_route=\/wp\/v2\/types\/page"}],"author":[{"embeddable":true,"href":"https:\/\/adelal.com\/index.php?rest_route=\/wp\/v2\/users\/1"}],"replies":[{"embeddable":true,"href":"https:\/\/adelal.com\/index.php?rest_route=%2Fwp%2Fv2%2Fcomments&post=262"}],"version-history":[{"count":8,"href":"https:\/\/adelal.com\/index.php?rest_route=\/wp\/v2\/pages\/262\/revisions"}],"predecessor-version":[{"id":284,"href":"https:\/\/adelal.com\/index.php?rest_route=\/wp\/v2\/pages\/262\/revisions\/284"}],"wp:attachment":[{"href":"https:\/\/adelal.com\/index.php?rest_route=%2Fwp%2Fv2%2Fmedia&parent=262"}],"curies":[{"name":"wp","href":"https:\/\/api.w.org\/{rel}","templated":true}]}}