{"id":18,"date":"2012-06-29T13:49:43","date_gmt":"2012-06-29T13:49:43","guid":{"rendered":"https:\/\/adelal.com\/?page_id=18"},"modified":"2023-01-14T14:19:07","modified_gmt":"2023-01-14T14:19:07","slug":"digital","status":"publish","type":"page","link":"https:\/\/adelal.com\/?page_id=18","title":{"rendered":"digitAL"},"content":{"rendered":"<hr \/>\n<p>Digit<span style=\"color: #800000;\">al<\/span>, de dedos (contar con los dedos, de uno en uno, uno a cero)<\/p>\n<hr \/>\n<p><strong>Para el DRAE (Diccionario de la Real Academia Espa\u00f1ola):<\/strong><\/p>\n<p><strong>1.<\/strong>adj. Perteneciente o relativo a los dedos.<\/p>\n<p><a name=\"0_2\"><\/a> <strong> 2.<\/strong> adj. Referente a los n\u00fameros d\u00edgitos y en particular a los instrumentos de medida que la expresan con ellos. <em>Reloj digital.<\/em><\/p>\n<p><a name=\"0_3\"><\/a> <strong> 3.<\/strong> f. Planta herb\u00e1cea de la familia de las Escrofulari\u00e1ceas, cuyas hojas se usan en medicina.<\/p>\n<p><a name=\"0_4\"><\/a> <strong> 4.<\/strong> f. Flor de esta planta.<\/p>\n<hr \/>\n<p><strong>Para nosotros:<\/strong><\/p>\n<p>Libro en formato pdf (<em>postscript description file<\/em> \u00f3 <em>portable document format<\/em>), en soporte magn\u00e9tico o electr\u00f3nico (bits) en vez de f\u00edsico (\u00e1tomos), pero no virtual, ya que es m\u00e1s dependiente de la tecnolog\u00eda que lo soporta que el libro en papel, que mantiene la autonom\u00eda del soporte f\u00edsico papel.<\/p>\n","protected":false},"excerpt":{"rendered":"<p>Digital, de dedos (contar con los dedos, de uno en uno, uno a cero) Para el DRAE (Diccionario de la Real Academia Espa\u00f1ola): 1.adj. Perteneciente o relativo a los dedos. 2. adj. Referente a los n\u00fameros d\u00edgitos y en particular &hellip; <a href=\"https:\/\/adelal.com\/?page_id=18\">Sigue leyendo <span class=\"meta-nav\">&rarr;<\/span><\/a><\/p>\n","protected":false},"author":1,"featured_media":0,"parent":0,"menu_order":3,"comment_status":"closed","ping_status":"closed","template":"","meta":{"footnotes":""},"class_list":["post-18","page","type-page","status-publish","hentry"],"_links":{"self":[{"href":"https:\/\/adelal.com\/index.php?rest_route=\/wp\/v2\/pages\/18","targetHints":{"allow":["GET"]}}],"collection":[{"href":"https:\/\/adelal.com\/index.php?rest_route=\/wp\/v2\/pages"}],"about":[{"href":"https:\/\/adelal.com\/index.php?rest_route=\/wp\/v2\/types\/page"}],"author":[{"embeddable":true,"href":"https:\/\/adelal.com\/index.php?rest_route=\/wp\/v2\/users\/1"}],"replies":[{"embeddable":true,"href":"https:\/\/adelal.com\/index.php?rest_route=%2Fwp%2Fv2%2Fcomments&post=18"}],"version-history":[{"count":9,"href":"https:\/\/adelal.com\/index.php?rest_route=\/wp\/v2\/pages\/18\/revisions"}],"predecessor-version":[{"id":492,"href":"https:\/\/adelal.com\/index.php?rest_route=\/wp\/v2\/pages\/18\/revisions\/492"}],"wp:attachment":[{"href":"https:\/\/adelal.com\/index.php?rest_route=%2Fwp%2Fv2%2Fmedia&parent=18"}],"curies":[{"name":"wp","href":"https:\/\/api.w.org\/{rel}","templated":true}]}}