{"id":11,"date":"2012-06-29T13:44:57","date_gmt":"2012-06-29T13:44:57","guid":{"rendered":"https:\/\/adelal.com\/?page_id=11"},"modified":"2023-01-14T14:16:59","modified_gmt":"2023-01-14T14:16:59","slug":"del-l","status":"publish","type":"page","link":"https:\/\/adelal.com\/?page_id=11","title":{"rendered":"DEl Libro"},"content":{"rendered":"<p style=\"text-align: right;\"><strong><span style=\"color: #800000;\">L<\/span><\/strong>ibro, seg\u00fan el DRAE:<\/p>\n<p><strong>1.<\/strong>m. Conjunto de muchas hojas de papel u otro material semejante que, encuadernadas, forman un volumen.<\/p>\n<p><a name=\"0_2\"><\/a> <strong> 2.<\/strong> m. Obra cient\u00edfica, literaria o de cualquier otra \u00edndole con extensi\u00f3n suficiente para formar volumen, que puede aparecer impresa o en otro soporte. <em>Voy a escribir un libro.<\/em> <em>La editorial presentar\u00e1 el atlas en forma de libro electr\u00f3nico.<\/em><\/p>\n<p><a name=\"0_3\"><\/a> <strong> 3.<\/strong> m. Cada una de ciertas partes principales en que suelen dividirse las obras cient\u00edficas o literarias, y los c\u00f3digos y leyes de gran extensi\u00f3n.<\/p>\n<p><a name=\"0_4\"><\/a> <strong> 4.<\/strong> m. libreto (obra dram\u00e1tica).<\/p>\n<p><a name=\"0_5\"><\/a> <strong> 5.<\/strong> m. Contribuci\u00f3n o impuesto. <em>No he pagado los libros.<\/em> <em>Andan cobrando los libros.<\/em><\/p>\n<p><a name=\"0_6\"><\/a> <strong> 6.<\/strong> m.<em> Der.<\/em> Para los efectos legales, en Espa\u00f1a, todo impreso no peri\u00f3dico que contiene 49 p\u00e1ginas o m\u00e1s, excluidas las cubiertas.<\/p>\n<p><a name=\"0_7\"><\/a> <strong> 7.<\/strong> m.<em> Zool.<\/em> Tercera de las cuatro cavidades en que se divide el est\u00f3mago de los rumiantes.<\/p>\n\n\n<blockquote class=\"wp-block-quote is-layout-flow wp-block-quote-is-layout-flow\"><p><em>Para la<\/em> Historia del Libro, <em>ver<\/em><\/p><cite>\u00abel infinito en un junco\u00bb, de Irene Vallejo. Editorial Siruela. 2020<\/cite><\/blockquote>\n","protected":false},"excerpt":{"rendered":"<p>Libro, seg\u00fan el DRAE: 1.m. Conjunto de muchas hojas de papel u otro material semejante que, encuadernadas, forman un volumen. 2. m. Obra cient\u00edfica, literaria o de cualquier otra \u00edndole con extensi\u00f3n suficiente para formar volumen, que puede aparecer impresa &hellip; <a href=\"https:\/\/adelal.com\/?page_id=11\">Sigue leyendo <span class=\"meta-nav\">&rarr;<\/span><\/a><\/p>\n","protected":false},"author":1,"featured_media":0,"parent":0,"menu_order":0,"comment_status":"closed","ping_status":"closed","template":"","meta":{"footnotes":""},"class_list":["post-11","page","type-page","status-publish","hentry"],"_links":{"self":[{"href":"https:\/\/adelal.com\/index.php?rest_route=\/wp\/v2\/pages\/11","targetHints":{"allow":["GET"]}}],"collection":[{"href":"https:\/\/adelal.com\/index.php?rest_route=\/wp\/v2\/pages"}],"about":[{"href":"https:\/\/adelal.com\/index.php?rest_route=\/wp\/v2\/types\/page"}],"author":[{"embeddable":true,"href":"https:\/\/adelal.com\/index.php?rest_route=\/wp\/v2\/users\/1"}],"replies":[{"embeddable":true,"href":"https:\/\/adelal.com\/index.php?rest_route=%2Fwp%2Fv2%2Fcomments&post=11"}],"version-history":[{"count":13,"href":"https:\/\/adelal.com\/index.php?rest_route=\/wp\/v2\/pages\/11\/revisions"}],"predecessor-version":[{"id":575,"href":"https:\/\/adelal.com\/index.php?rest_route=\/wp\/v2\/pages\/11\/revisions\/575"}],"wp:attachment":[{"href":"https:\/\/adelal.com\/index.php?rest_route=%2Fwp%2Fv2%2Fmedia&parent=11"}],"curies":[{"name":"wp","href":"https:\/\/api.w.org\/{rel}","templated":true}]}}